{"id":5912,"date":"2020-09-16T13:40:10","date_gmt":"2020-09-16T11:40:10","guid":{"rendered":"http:\/\/serwer117602.lh.pl\/lp\/?page_id=5912"},"modified":"2022-06-21T12:07:09","modified_gmt":"2022-06-21T10:07:09","slug":"dolacz-do-grupy","status":"publish","type":"page","link":"https:\/\/www.lh.pl\/lp\/dolacz-do-grupy\/","title":{"rendered":"Do\u0142\u0105cz do grupy na Facebooku"},"content":{"rendered":"\n<div class=\"wp-block-ugb-container ugb-container ugb-fe7ffe8 ugb-container--v2 ugb-container--design-plain ugb-main-block\"><style>.ugb-fe7ffe8-wrapper > .ugb-container__side{padding-top:35px !important;padding-bottom:35px !important}.ugb-fe7ffe8-wrapper.ugb-container__wrapper{padding-top:0 !important;padding-bottom:0 !important}@media screen and (min-width:768px){.ugb-fe7ffe8.ugb-container{margin-top:-10px !important;margin-bottom:-10px !important}}@media screen and (max-width:768px){.ugb-fe7ffe8.ugb-container{margin-top:-10px !important;margin-bottom:-10px !important}}<\/style><div class=\"ugb-inner-block\"><div class=\"ugb-block-content\"><div class=\"ugb-container__wrapper ugb-fe7ffe8-wrapper\"><div class=\"ugb-container__side\"><div class=\"ugb-container__content-wrapper ugb-fe7ffe8-content-wrapper\">\n<header class=\"wp-block-ugb-columns ugb-columns ugb-b2fbd8a ugb-columns--design-plain ugb-columns--columns-2 ugb-main-block\"><div class=\"ugb-inner-block\"><div class=\"ugb-block-content\"><div class=\"ugb-columns__item ugb-b2fbd8a-content-wrapper\">\n<div class=\"wp-block-ugb-column ugb-column ugb-9c28c58 ugb-column--design-plain ugb-main-block\"><style>@media screen and (min-width:768px){.ugb-9c28c58.ugb-column{margin-bottom:0px !important}}<\/style><div class=\"ugb-inner-block\"><div class=\"ugb-block-content\"><div class=\"ugb-column__item ugb-9c28c58-column-wrapper\"><div class=\"ugb-column__content-wrapper\">\n<figure class=\"wp-block-image size-large\"><a href=\"\/\"><img decoding=\"async\" width=\"118\" height=\"43\" src=\"https:\/\/www.lh.pl\/lp\/wp-content\/uploads\/2020\/09\/logo.svg\" alt=\"LH.pl\" class=\"wp-image-5738\"\/><\/a><\/figure>\n<\/div><\/div><\/div><\/div><\/div>\n\n\n\n<div class=\"wp-block-ugb-column ugb-column ugb-e031925 ugb-column--design-plain ugb-main-block\"><style>@media screen and (min-width:768px){.ugb-e031925.ugb-column{margin-bottom:0px !important}}<\/style><div class=\"ugb-inner-block\"><div class=\"ugb-block-content\"><div class=\"ugb-column__item ugb-e031925-column-wrapper\"><div class=\"ugb-column__content-wrapper\"><\/div><\/div><\/div><\/div><\/div>\n<\/div><\/div><\/div><\/header>\n<\/div><\/div><\/div><\/div><\/div><\/div>\n\n\n\n<div class=\"alignfull wp-block-ugb-header ugb-header ugb-001630a ugb-header ugb-header--v3 ugb-header--design-plain ugb-main-block ugb--has-custom-content-width ugb-main-block--inner-wide ugb--has-block-background ugb--has-background-overlay ugb--has-bottom-separator\"><style>.ugb-001630a .ugb-header__title{font-size:48px !important;font-weight:700 !important;letter-spacing:0.5px !important;color:var(--theme-palette-color-5,#ffffff);text-align:center !important}.ugb-001630a .ugb-header__subtitle{font-size:15px !important;color:var(--theme-palette-color-5,#ffffff)}.ugb-001630a .ugb-header__buttons{justify-content:center !important}.ugb-001630a .ugb-button1 .ugb-button--inner{font-size:15px !important;font-weight:700 !important}.ugb-001630a .ugb-button1{background-color:var(--theme-palette-color-2,#00e6d9);opacity:1;border-radius:100px !important}.ugb-001630a .ugb-button1 .ugb-button--inner,.ugb-001630a .ugb-button1 svg:not(.ugb-custom-icon){color:var(--theme-palette-color-1,#0020b3) !important}.ugb-001630a .ugb-button1:before{border-radius:100px !important}.ugb-001630a .ugb-inner-block{text-align:center}.ugb-001630a.ugb-header{justify-content:center;background-color:var(--theme-palette-color-1,#0020b3);background-image:url(https:\/\/www.lh.pl\/lp\/wp-content\/uploads\/2020\/09\/header2-01.svg);background-position:bottom center}.ugb-001630a.ugb-header > .ugb-inner-block{min-width:auto !important;max-width:720px !important}.ugb-001630a{padding:0 !important}.ugb-001630a.ugb-header:before{background-color:var(--theme-palette-color-1,#0020b3);opacity:0.5}@media screen and (min-width:768px){.ugb-001630a.ugb-header{padding-right:35px !important;padding-bottom:150px !important;padding-left:35px !important}.ugb-001630a .ugb-bottom-separator .ugb-separator-wrapper{height:200px}}@media screen and (max-width:768px){.ugb-001630a .ugb-header__title{font-size:38px !important}.ugb-001630a.ugb-header{min-height:50vh}}<\/style><div class=\"ugb-bottom-separator\"><div class=\"ugb-separator-wrapper\"><svg xmlns=\"http:\/\/www.w3.org\/2000\/svg\" viewBox=\"0 0 1600 200\" filter=\"url(#wave-2-shadow_svg__a)\" enable-background=\"new 0 0 1600 200\" class=\"ugb-separator__shadow\" preserveAspectRatio=\"none\" aria-hidden=\"true\"><filter id=\"wave-2-shadow_svg__a\"><feGaussianBlur in=\"SourceAlpha\" stdDeviation=\"4\"><\/feGaussianBlur><feComponentTransfer><feFuncA type=\"linear\" slope=\"0.4\"><\/feFuncA><\/feComponentTransfer><feMerge><feMergeNode><\/feMergeNode><feMergeNode in=\"SourceGraphic\"><\/feMergeNode><\/feMerge><\/filter><path class=\"wave-2-shadow_svg__st2\" d=\"M1432.2 67.4c-88.8-16.7-156-5.3-204 8.5s-147.1 62.2-223.1 73.9c-75.4 11.6-164-7.5-275-27.9S571 88.1 456 98.1c-119.7 10.4-224.7 52-294.4 73-94.5 28.5-171.6-3-171.6-3v10s77.1 31.5 171.6 3c69.7-21 174.7-62.6 294.4-73 115-10 163.1 3.4 274.1 23.8 111 20.4 199.6 39.5 275 27.9 76-11.7 175.1-60.1 223.1-73.9s115.2-25.2 204-8.5c91 17.1 124.8 34.2 177.8 24.2v-10c-53 10-86.8-7.1-177.8-24.2z\"><\/path><\/svg><svg xmlns=\"http:\/\/www.w3.org\/2000\/svg\" viewBox=\"0 0 1600 200\" class=\"ugb-separator__layer-1\" preserveAspectRatio=\"none\" aria-hidden=\"true\"><path class=\"wave-2_svg__st2\" d=\"M1432.2 67.4c-88.8-16.7-156-5.3-204 8.5s-147.1 62.2-223.1 73.9c-75.4 11.6-164-7.5-275-27.9S571 88.1 456 98.1c-119.7 10.4-224.7 52-294.4 73-94.5 28.5-171.6-3-171.6-3V210h1620V91.6c-53 10-86.8-7.1-177.8-24.2z\"><\/path><\/svg><\/div><\/div><div class=\"ugb-inner-block ugb-inner-block--wide\"><div class=\"ugb-block-content\"><div class=\"ugb-header__item\"><div class=\"ugb-content-wrapper\"><h2 class=\"ugb-header__title\">Do\u0142\u0105cz do grupy na Facebooku<\/h2><p class=\"ugb-header__subtitle\">Szukasz pomocy w budowaniu i ulepszaniu swojej strony na WordPressie? A mo\u017ce chcesz zbudowa\u0107 pierwsz\u0105 stron\u0119 ale nie wiesz od czego zacz\u0105\u0107?<br><strong><br>Do\u0142\u0105cz do naszej grupy na Facebooku! <\/strong><br>Grupa skupia spo\u0142eczno\u015b\u0107 niemal 6 000 os\u00f3b takich jak Ty! <\/p><div class=\"ugb-header__buttons\"><div class=\"ugb-button-container\"><a class=\"ugb-button1 ugb-button ugb-button--size-medium ugb--hover-effect-lift\" href=\"https:\/\/www.facebook.com\/groups\/wordpresspl\" rel=\"\" title=\"\"><span class=\"ugb-button--inner\">DO\u0141\u0104CZAM DO GRUPY<\/span><\/a><\/div><\/div><\/div><\/div><\/div><\/div><\/div>\n\n\n\n<h2 class=\"has-text-align-center has-text-color wp-block-heading\" style=\"color:#f71953\">Grupa to nie tylko pytania i odpowiedzi.<\/h2>\n\n\n\n<h2 class=\"has-text-align-center has-palette-color-1-color has-text-color wp-block-heading\">To miejsce, w kt\u00f3rym poszerzysz swoj\u0105 wiedz\u0119 o WordPressie.<\/h2>\n\n\n\n<div class=\"wp-block-ugb-container ugb-container ugb-3b88361 ugb-container--v2 ugb-container--design-plain ugb-main-block\"><style>.ugb-3b88361-wrapper > .ugb-container__side{padding-top:35px !important;padding-bottom:35px !important}.ugb-3b88361-wrapper.ugb-container__wrapper{padding-top:0 !important;padding-bottom:0 !important}<\/style><div class=\"ugb-inner-block\"><div class=\"ugb-block-content\"><div class=\"ugb-container__wrapper ugb-3b88361-wrapper\"><div class=\"ugb-container__side\"><div class=\"ugb-container__content-wrapper ugb-3b88361-content-wrapper\">\n<section class=\"alignfull wp-block-ugb-feature-grid ugb-feature-grid ugb-ef87bd0 ugb-feature-grid--v2 ugb-feature-grid--columns-3 ugb-feature-grid--design-plain ugb-main-block ugb-main-block--inner-wide ugb--has-block-background\"><style>.ugb-ef87bd0 .ugb-img{width:120px;height:auto !important}.ugb-ef87bd0 .ugb-feature-grid__title{color:var(--theme-palette-color-1,#0020b3);font-size:24px !important;font-weight:700 !important;margin-bottom:5px !important}.ugb-ef87bd0 .ugb-feature-grid__description{font-size:15px !important;margin-bottom:15px !important}.ugb-ef87bd0 .ugb-feature-grid__image{margin-bottom:10px !important}.ugb-ef87bd0{padding:0 !important}@media screen and (min-width:768px){.ugb-ef87bd0.ugb-feature-grid{margin-bottom:35px !important}}@media screen and (min-width:768px) and (max-width:1025px){.ugb-ef87bd0 .ugb-feature-grid__image{margin-bottom:30px !important}}@media screen and (max-width:768px){.ugb-ef87bd0.ugb-feature-grid{margin-bottom:35px !important}}<\/style><div class=\"ugb-inner-block ugb-inner-block--wide\"><div class=\"ugb-block-content\"><div class=\"ugb-feature-grid__item ugb-feature-grid__item1\"><div class=\"ugb-feature-grid__image\"><img decoding=\"async\" class=\"ugb-img wp-image-5828\" src=\"https:\/\/www.lh.pl\/lp\/wp-content\/uploads\/2020\/09\/support.svg\" alt=\"FEATURE 1\" title=\"\" width=\"120\"\/><\/div><div class=\"ugb-feature-grid__content\"><h5 class=\"ugb-feature-grid__title\">Webinary na \u017cywo<\/h5><p class=\"ugb-feature-grid__description\">Do\u0142\u0105czaj\u0105c do grupy mo\u017cesz wzi\u0105\u0107 udzia\u0142 w webinarach na \u017cywo, podczas kt\u00f3rych poruszamy tematy zwi\u0105zane z<strong> budowaniem strony od podstaw ale tak\u017ce jej optymalizacj\u0105 i pozycjonowaniem.<\/strong><br>W naszych webinarach wzi\u0119\u0142o ju\u017c udzia\u0142 ponad 5000 os\u00f3b, do\u0142\u0105cz do nich!<\/p><\/div><\/div><div class=\"ugb-feature-grid__item ugb-feature-grid__item2\"><div class=\"ugb-feature-grid__image\"><img decoding=\"async\" class=\"ugb-img wp-image-5816\" src=\"https:\/\/www.lh.pl\/lp\/wp-content\/uploads\/2020\/09\/pomysl.svg\" alt=\"FEATURE 2\" title=\"\" width=\"120\"\/><\/div><div class=\"ugb-feature-grid__content\"><h5 class=\"ugb-feature-grid__title\">Zapraszamy ekspert\u00f3w<\/h5><p class=\"ugb-feature-grid__description\">Najlepiej uczy\u0107 si\u0119 od do\u015bwiadczonych praktyk\u00f3w, dlatego do webinar\u00f3w cz\u0119sto <strong>zapraszamy specjalist\u00f3w SEO, e-commerce, czy analityki internetowej<\/strong>, a lista Go\u015bci jest bardzo d\u0142uga. \ud83d\ude42<\/p><\/div><\/div><div class=\"ugb-feature-grid__item ugb-feature-grid__item3\"><div class=\"ugb-feature-grid__image\"><img decoding=\"async\" class=\"ugb-img wp-image-5829\" src=\"https:\/\/www.lh.pl\/lp\/wp-content\/uploads\/2020\/09\/growth.svg\" alt=\"FEATURE 3\" title=\"\" width=\"120\"\/><\/div><div class=\"ugb-feature-grid__content\"><h5 class=\"ugb-feature-grid__title\">Atrakcyjne promocje<\/h5><p class=\"ugb-feature-grid__description\"><strong>Rabaty na us\u0142ugi w LH.pl!<\/strong><br>Organizujemy akcje, z kt\u00f3rych nie tylko si\u0119 czego\u015b nauczysz, ale i zyskasz w LH.pl kod promocyjny na nasze us\u0142ugi.<\/p><\/div><\/div><\/div><\/div><\/section>\n<\/div><\/div><\/div><\/div><\/div><\/div>\n\n\n\n<p><\/p>\n","protected":false},"excerpt":{"rendered":"<p>Do\u0142\u0105cz do grupy na Facebooku Szukasz pomocy w budowaniu i ulepszaniu swojej strony na WordPressie? A mo\u017ce chcesz zbudowa\u0107 pierwsz\u0105 stron\u0119 ale nie wiesz od czego zacz\u0105\u0107?Do\u0142\u0105cz do naszej grupy na Facebooku! Grupa skupia spo\u0142eczno\u015b\u0107 niemal 6 000 os\u00f3b takich jak Ty! DO\u0141\u0104CZAM DO GRUPY Grupa to nie tylko pytania i odpowiedzi. To miejsce, w [&hellip;]<\/p>\n","protected":false},"author":4,"featured_media":0,"parent":0,"menu_order":0,"comment_status":"closed","ping_status":"closed","template":"","meta":{"footnotes":""},"blocksy_meta":{"page_title_panel":"","has_hero_section":"disabled","a910cb8223a383111a3bbe95fe5dc340":"","hero_section":"type-1","hero_elements":[{"id":"custom_title","enabled":true,"heading_tag":"h1","title":"Home"},{"id":"custom_description","enabled":true,"description_visibility":{"desktop":true,"tablet":true,"mobile":false}},{"id":"custom_meta","enabled":false,"meta_elements":[{"id":"author","enabled":true,"label":"By","has_author_avatar":"yes","avatar_size":25},{"id":"post_date","enabled":true,"label":"On","date_format_source":"default","date_format":"M j, Y"},{"id":"comments","enabled":true}],"page_meta_elements":{"joined":true,"articles_count":true,"comments":true}},{"id":"breadcrumbs","enabled":false}],"27ee86f15e479208006064f9f17d875d":"","hero_alignment1":"left","hero_alignment2":"center","hero_vertical_alignment":"center","59cdce0332a71436ed09102bdddc11da":"","hero_structure":"narrow","138389d2691d8149396f9fc7a4d104e7":"","page_title_bg_type":"featured_image","custom_hero_background":{"attachment_id":null},"parallax":{"desktop":false,"tablet":false,"mobile":false},"58fc91c60a8ca3e87acfdb77acec2409":"","hero_height":"250px","pageTitleFont":{"family":"Default","variation":"Default","size":{"desktop":"32px","tablet":"30px","mobile":"25px"},"line-height":"CT_CSS_SKIP_RULE","letter-spacing":"CT_CSS_SKIP_RULE","text-transform":"CT_CSS_SKIP_RULE","text-decoration":"CT_CSS_SKIP_RULE"},"pageTitleFontColor":{"default":{"color":"CT_CSS_SKIP_RULEDEFAULT"}},"pageMetaFont":{"family":"Default","variation":"n6","size":"12px","line-height":"1.3","letter-spacing":"CT_CSS_SKIP_RULE","text-transform":"uppercase","text-decoration":"CT_CSS_SKIP_RULE"},"pageMetaFontColor":{"default":{"color":"CT_CSS_SKIP_RULEDEFAULT"},"hover":{"color":"CT_CSS_SKIP_RULEDEFAULT"}},"pageExcerptFont":{"family":"Default","variation":"Default","size":"CT_CSS_SKIP_RULE","line-height":"CT_CSS_SKIP_RULE","letter-spacing":"CT_CSS_SKIP_RULE","text-transform":"CT_CSS_SKIP_RULE","text-decoration":"CT_CSS_SKIP_RULE"},"pageExcerptColor":{"default":{"color":"CT_CSS_SKIP_RULEDEFAULT"}},"breadcrumbsFont":{"family":"Default","variation":"n6","size":"12px","line-height":"CT_CSS_SKIP_RULE","letter-spacing":"CT_CSS_SKIP_RULE","text-transform":"uppercase","text-decoration":"CT_CSS_SKIP_RULE"},"breadcrumbsFontColor":{"default":{"color":"CT_CSS_SKIP_RULEDEFAULT"},"initial":{"color":"CT_CSS_SKIP_RULEDEFAULT"},"hover":{"color":"CT_CSS_SKIP_RULEDEFAULT"}},"pageTitleOverlay":{"default":{"color":"rgba(41, 51, 60, 0.2)"}},"pageTitleBackground":{"background_type":"color","background_pattern":"type-1","background_image":{"attachment_id":null,"x":0,"y":0},"background_repeat":"no-repeat","background_size":"auto","background_attachment":"scroll","patternColor":{"default":{"color":"#e5e7ea"}},"backgroundColor":{"default":{"color":"#EDEFF2"}}},"e0badf55dbb24055794ea73e9da49711":"","page_structure_type":"default","content_style":"inherit","vertical_spacing_source":"custom","content_area_spacing":"none","background":{"background_type":"color","background_pattern":"type-1","background_image":{"attachment_id":null,"x":0,"y":0},"background_repeat":"no-repeat","background_size":"auto","background_attachment":"scroll","patternColor":{"default":{"color":"#e5e7ea"}},"backgroundColor":{"default":{"color":"var(--theme-palette-color-5)"}}},"content_background":{"background_type":"color","background_pattern":"type-1","background_image":{"attachment_id":null,"x":0,"y":0},"background_repeat":"no-repeat","background_size":"auto","background_attachment":"scroll","patternColor":{"default":{"color":"#e5e7ea"}},"backgroundColor":{"default":{"color":"#ffffff"}}},"content_boxed_spacing":{"desktop":"40px","tablet":"35px","mobile":"20px"},"content_boxed_radius":{"top":"3px","bottom":"3px","left":"3px","right":"3px","linked":true},"content_boxed_shadow":{"blur":18,"spread":-6,"v_offset":12,"h_offset":0,"inset":false,"enable":true,"color":{"color":"rgba(34, 56, 101, 0.04)"}},"e04b55684f5568208cc3ee122d64970f":"","disable_featured_image":"yes","disable_header":"yes","disable_footer":"no","1a89a69cce61123ff13e083ee95fccfb":"","8dbc417cbbe3ba6a8be75a7b1eeb8dd3":"","e4d83abe31c59bb767d55b946fa4ccd6":"","58a1488397bd1d7aeb367a3722e3bd05":"","7fcf7d9982ee1f61a7a1774e323b63ed":"","cc8d823cdade526d2e8472bde0a71d91":"","c8bcfaadc2955ab954489b2600484f39":"","0bced05e31f9ef444fc24e5c884bb280":"","62dec3ee66a5e453eac32375b47be637":"","b993ce6c095207bffc65d7a3f0f17925":"","02746270dd791ce8fd32a06a315a2ea8":"","2dbd33487294aa477a28c59419b8bbf1":"","81e89efd6f0e095a9a299c3359b1636d":"","3fd54a88f7d5fb3e33af4f14c32caccd":"","styles_descriptor":{"styles":{"desktop":"[data-prefix=\"single_page\"] {background-color:var(--theme-palette-color-5);background-image:none;}","tablet":"","mobile":""},"google_fonts":[],"version":6}},"featured_image_urls_v2":{"full":"","thumbnail":"","medium":"","medium_large":"","large":"","1536x1536":"","2048x2048":""},"post_excerpt_stackable_v2":"<p>Do\u0142\u0105cz do grupy na FacebookuSzukasz pomocy w budowaniu i ulepszaniu swojej strony na WordPressie? A mo\u017ce chcesz zbudowa\u0107 pierwsz\u0105 stron\u0119 ale nie wiesz od czego zacz\u0105\u0107?Do\u0142\u0105cz do naszej grupy na Facebooku! Grupa skupia spo\u0142eczno\u015b\u0107 niemal 6 000 os\u00f3b takich jak Ty! DO\u0141\u0104CZAM DO GRUPY Grupa to nie tylko pytania i odpowiedzi. To miejsce, w kt\u00f3rym poszerzysz swoj\u0105 wiedz\u0119 o WordPressie. Webinary na \u017cywoDo\u0142\u0105czaj\u0105c do grupy mo\u017cesz wzi\u0105\u0107 udzia\u0142 w webinarach na \u017cywo, podczas kt\u00f3rych poruszamy tematy zwi\u0105zane z budowaniem strony od podstaw ale tak\u017ce jej optymalizacj\u0105 i pozycjonowaniem.W naszych webinarach wzi\u0119\u0142o ju\u017c udzia\u0142 ponad 5000 os\u00f3b, do\u0142\u0105cz do nich!Zapraszamy ekspert\u00f3wNajlepiej&hellip;<\/p>\n","category_list_v2":"","author_info_v2":{"name":"B\u0142a\u017cej Starosta","url":"https:\/\/www.lh.pl\/lp"},"comments_num_v2":"0 comments","yoast_head":"<!-- This site is optimized with the Yoast SEO plugin v24.5 - https:\/\/yoast.com\/wordpress\/plugins\/seo\/ -->\n<title>Do\u0142\u0105cz do grupy na Facebooku - LH.pl<\/title>\n<meta name=\"description\" content=\"Do\u0142\u0105cz do grupy wsparcia: WordPress dla pocz\u0105tkuj\u0105cych na Facebooku i zdobywaj informacje na temat WordPressa i pomoc przy budowaniu strony.\" \/>\n<meta name=\"robots\" content=\"index, follow, max-snippet:-1, max-image-preview:large, max-video-preview:-1\" \/>\n<link rel=\"canonical\" href=\"https:\/\/www.lh.pl\/lp\/dolacz-do-grupy\/\" \/>\n<meta property=\"og:locale\" content=\"pl_PL\" \/>\n<meta property=\"og:type\" content=\"article\" \/>\n<meta property=\"og:title\" content=\"Do\u0142\u0105cz do grupy na Facebooku - LH.pl\" \/>\n<meta property=\"og:description\" content=\"Do\u0142\u0105cz do grupy wsparcia: WordPress dla pocz\u0105tkuj\u0105cych na Facebooku i zdobywaj informacje na temat WordPressa i pomoc przy budowaniu strony.\" \/>\n<meta property=\"og:url\" content=\"https:\/\/www.lh.pl\/lp\/dolacz-do-grupy\/\" \/>\n<meta property=\"og:site_name\" content=\"LH.pl\" \/>\n<meta property=\"article:publisher\" content=\"https:\/\/www.facebook.com\/wwwlhpl\" \/>\n<meta property=\"article:modified_time\" content=\"2022-06-21T10:07:09+00:00\" \/>\n<meta property=\"og:image\" content=\"https:\/\/www.lh.pl\/lp\/wp-content\/uploads\/2020\/09\/logo.svg\" \/>\n<meta name=\"twitter:card\" content=\"summary_large_image\" \/>\n<meta name=\"twitter:label1\" content=\"Szacowany czas czytania\" \/>\n\t<meta name=\"twitter:data1\" content=\"3 minuty\" \/>\n<script type=\"application\/ld+json\" class=\"yoast-schema-graph\">{\"@context\":\"https:\/\/schema.org\",\"@graph\":[{\"@type\":\"WebPage\",\"@id\":\"https:\/\/www.lh.pl\/lp\/dolacz-do-grupy\/\",\"url\":\"https:\/\/www.lh.pl\/lp\/dolacz-do-grupy\/\",\"name\":\"Do\u0142\u0105cz do grupy na Facebooku - LH.pl\",\"isPartOf\":{\"@id\":\"https:\/\/www.lh.pl\/lp\/#website\"},\"primaryImageOfPage\":{\"@id\":\"https:\/\/www.lh.pl\/lp\/dolacz-do-grupy\/#primaryimage\"},\"image\":{\"@id\":\"https:\/\/www.lh.pl\/lp\/dolacz-do-grupy\/#primaryimage\"},\"thumbnailUrl\":\"https:\/\/www.lh.pl\/lp\/wp-content\/uploads\/2020\/09\/logo.svg\",\"datePublished\":\"2020-09-16T11:40:10+00:00\",\"dateModified\":\"2022-06-21T10:07:09+00:00\",\"description\":\"Do\u0142\u0105cz do grupy wsparcia: WordPress dla pocz\u0105tkuj\u0105cych na Facebooku i zdobywaj informacje na temat WordPressa i pomoc przy budowaniu strony.\",\"breadcrumb\":{\"@id\":\"https:\/\/www.lh.pl\/lp\/dolacz-do-grupy\/#breadcrumb\"},\"inLanguage\":\"pl-PL\",\"potentialAction\":[{\"@type\":\"ReadAction\",\"target\":[\"https:\/\/www.lh.pl\/lp\/dolacz-do-grupy\/\"]}]},{\"@type\":\"ImageObject\",\"inLanguage\":\"pl-PL\",\"@id\":\"https:\/\/www.lh.pl\/lp\/dolacz-do-grupy\/#primaryimage\",\"url\":\"https:\/\/www.lh.pl\/lp\/wp-content\/uploads\/2020\/09\/logo.svg\",\"contentUrl\":\"https:\/\/www.lh.pl\/lp\/wp-content\/uploads\/2020\/09\/logo.svg\",\"width\":118,\"height\":43,\"caption\":\"LH.pl\"},{\"@type\":\"BreadcrumbList\",\"@id\":\"https:\/\/www.lh.pl\/lp\/dolacz-do-grupy\/#breadcrumb\",\"itemListElement\":[{\"@type\":\"ListItem\",\"position\":1,\"name\":\"Blog.lh.pl\",\"item\":\"https:\/\/www.lh.pl\/lp\/\"},{\"@type\":\"ListItem\",\"position\":2,\"name\":\"Do\u0142\u0105cz do grupy na Facebooku\"}]},{\"@type\":\"WebSite\",\"@id\":\"https:\/\/www.lh.pl\/lp\/#website\",\"url\":\"https:\/\/www.lh.pl\/lp\/\",\"name\":\"LH.pl\",\"description\":\"Technologicznie\",\"publisher\":{\"@id\":\"https:\/\/www.lh.pl\/lp\/#organization\"},\"potentialAction\":[{\"@type\":\"SearchAction\",\"target\":{\"@type\":\"EntryPoint\",\"urlTemplate\":\"https:\/\/www.lh.pl\/lp\/?s={search_term_string}\"},\"query-input\":{\"@type\":\"PropertyValueSpecification\",\"valueRequired\":true,\"valueName\":\"search_term_string\"}}],\"inLanguage\":\"pl-PL\"},{\"@type\":\"Organization\",\"@id\":\"https:\/\/www.lh.pl\/lp\/#organization\",\"name\":\"LH.pl\",\"url\":\"https:\/\/www.lh.pl\/lp\/\",\"logo\":{\"@type\":\"ImageObject\",\"inLanguage\":\"pl-PL\",\"@id\":\"https:\/\/www.lh.pl\/lp\/#\/schema\/logo\/image\/\",\"url\":\"https:\/\/www.lh.pl\/lp\/wp-content\/uploads\/2020\/09\/logo.svg\",\"contentUrl\":\"https:\/\/www.lh.pl\/lp\/wp-content\/uploads\/2020\/09\/logo.svg\",\"width\":118,\"height\":43,\"caption\":\"LH.pl\"},\"image\":{\"@id\":\"https:\/\/www.lh.pl\/lp\/#\/schema\/logo\/image\/\"},\"sameAs\":[\"https:\/\/www.facebook.com\/wwwlhpl\",\"https:\/\/www.instagram.com\/wwwlhpl\/\"]}]}<\/script>\n<!-- \/ Yoast SEO plugin. -->","yoast_head_json":{"title":"Do\u0142\u0105cz do grupy na Facebooku - LH.pl","description":"Do\u0142\u0105cz do grupy wsparcia: WordPress dla pocz\u0105tkuj\u0105cych na Facebooku i zdobywaj informacje na temat WordPressa i pomoc przy budowaniu strony.","robots":{"index":"index","follow":"follow","max-snippet":"max-snippet:-1","max-image-preview":"max-image-preview:large","max-video-preview":"max-video-preview:-1"},"canonical":"https:\/\/www.lh.pl\/lp\/dolacz-do-grupy\/","og_locale":"pl_PL","og_type":"article","og_title":"Do\u0142\u0105cz do grupy na Facebooku - LH.pl","og_description":"Do\u0142\u0105cz do grupy wsparcia: WordPress dla pocz\u0105tkuj\u0105cych na Facebooku i zdobywaj informacje na temat WordPressa i pomoc przy budowaniu strony.","og_url":"https:\/\/www.lh.pl\/lp\/dolacz-do-grupy\/","og_site_name":"LH.pl","article_publisher":"https:\/\/www.facebook.com\/wwwlhpl","article_modified_time":"2022-06-21T10:07:09+00:00","og_image":[{"url":"https:\/\/www.lh.pl\/lp\/wp-content\/uploads\/2020\/09\/logo.svg","type":"","width":"","height":""}],"twitter_card":"summary_large_image","twitter_misc":{"Szacowany czas czytania":"3 minuty"},"schema":{"@context":"https:\/\/schema.org","@graph":[{"@type":"WebPage","@id":"https:\/\/www.lh.pl\/lp\/dolacz-do-grupy\/","url":"https:\/\/www.lh.pl\/lp\/dolacz-do-grupy\/","name":"Do\u0142\u0105cz do grupy na Facebooku - LH.pl","isPartOf":{"@id":"https:\/\/www.lh.pl\/lp\/#website"},"primaryImageOfPage":{"@id":"https:\/\/www.lh.pl\/lp\/dolacz-do-grupy\/#primaryimage"},"image":{"@id":"https:\/\/www.lh.pl\/lp\/dolacz-do-grupy\/#primaryimage"},"thumbnailUrl":"https:\/\/www.lh.pl\/lp\/wp-content\/uploads\/2020\/09\/logo.svg","datePublished":"2020-09-16T11:40:10+00:00","dateModified":"2022-06-21T10:07:09+00:00","description":"Do\u0142\u0105cz do grupy wsparcia: WordPress dla pocz\u0105tkuj\u0105cych na Facebooku i zdobywaj informacje na temat WordPressa i pomoc przy budowaniu strony.","breadcrumb":{"@id":"https:\/\/www.lh.pl\/lp\/dolacz-do-grupy\/#breadcrumb"},"inLanguage":"pl-PL","potentialAction":[{"@type":"ReadAction","target":["https:\/\/www.lh.pl\/lp\/dolacz-do-grupy\/"]}]},{"@type":"ImageObject","inLanguage":"pl-PL","@id":"https:\/\/www.lh.pl\/lp\/dolacz-do-grupy\/#primaryimage","url":"https:\/\/www.lh.pl\/lp\/wp-content\/uploads\/2020\/09\/logo.svg","contentUrl":"https:\/\/www.lh.pl\/lp\/wp-content\/uploads\/2020\/09\/logo.svg","width":118,"height":43,"caption":"LH.pl"},{"@type":"BreadcrumbList","@id":"https:\/\/www.lh.pl\/lp\/dolacz-do-grupy\/#breadcrumb","itemListElement":[{"@type":"ListItem","position":1,"name":"Blog.lh.pl","item":"https:\/\/www.lh.pl\/lp\/"},{"@type":"ListItem","position":2,"name":"Do\u0142\u0105cz do grupy na Facebooku"}]},{"@type":"WebSite","@id":"https:\/\/www.lh.pl\/lp\/#website","url":"https:\/\/www.lh.pl\/lp\/","name":"LH.pl","description":"Technologicznie","publisher":{"@id":"https:\/\/www.lh.pl\/lp\/#organization"},"potentialAction":[{"@type":"SearchAction","target":{"@type":"EntryPoint","urlTemplate":"https:\/\/www.lh.pl\/lp\/?s={search_term_string}"},"query-input":{"@type":"PropertyValueSpecification","valueRequired":true,"valueName":"search_term_string"}}],"inLanguage":"pl-PL"},{"@type":"Organization","@id":"https:\/\/www.lh.pl\/lp\/#organization","name":"LH.pl","url":"https:\/\/www.lh.pl\/lp\/","logo":{"@type":"ImageObject","inLanguage":"pl-PL","@id":"https:\/\/www.lh.pl\/lp\/#\/schema\/logo\/image\/","url":"https:\/\/www.lh.pl\/lp\/wp-content\/uploads\/2020\/09\/logo.svg","contentUrl":"https:\/\/www.lh.pl\/lp\/wp-content\/uploads\/2020\/09\/logo.svg","width":118,"height":43,"caption":"LH.pl"},"image":{"@id":"https:\/\/www.lh.pl\/lp\/#\/schema\/logo\/image\/"},"sameAs":["https:\/\/www.facebook.com\/wwwlhpl","https:\/\/www.instagram.com\/wwwlhpl\/"]}]}},"_links":{"self":[{"href":"https:\/\/www.lh.pl\/lp\/wp-json\/wp\/v2\/pages\/5912"}],"collection":[{"href":"https:\/\/www.lh.pl\/lp\/wp-json\/wp\/v2\/pages"}],"about":[{"href":"https:\/\/www.lh.pl\/lp\/wp-json\/wp\/v2\/types\/page"}],"author":[{"embeddable":true,"href":"https:\/\/www.lh.pl\/lp\/wp-json\/wp\/v2\/users\/4"}],"replies":[{"embeddable":true,"href":"https:\/\/www.lh.pl\/lp\/wp-json\/wp\/v2\/comments?post=5912"}],"version-history":[{"count":3,"href":"https:\/\/www.lh.pl\/lp\/wp-json\/wp\/v2\/pages\/5912\/revisions"}],"predecessor-version":[{"id":8498,"href":"https:\/\/www.lh.pl\/lp\/wp-json\/wp\/v2\/pages\/5912\/revisions\/8498"}],"wp:attachment":[{"href":"https:\/\/www.lh.pl\/lp\/wp-json\/wp\/v2\/media?parent=5912"}],"curies":[{"name":"wp","href":"https:\/\/api.w.org\/{rel}","templated":true}]}}